{"id":19,"date":"2025-10-09T09:38:21","date_gmt":"2025-10-09T09:38:21","guid":{"rendered":"https:\/\/citedelamusiquebretonne.bzh\/?page_id=19"},"modified":"2025-10-09T15:05:40","modified_gmt":"2025-10-09T15:05:40","slug":"contact","status":"publish","type":"page","link":"https:\/\/citedelamusiquebretonne.bzh\/index.php\/contact\/","title":{"rendered":"Contact"},"content":{"rendered":"\n<div class=\"wp-block-columns is-layout-flex wp-container-core-columns-is-layout-9d6595d7 wp-block-columns-is-layout-flex\">\n<div class=\"wp-block-column is-layout-flow wp-block-column-is-layout-flow\"><\/div>\n\n\n\n<div class=\"wp-block-column is-layout-flow wp-block-column-is-layout-flow\"><\/div>\n<\/div>\n\n\n\n<div class=\"wp-block-media-text is-stacked-on-mobile\"><figure class=\"wp-block-media-text__media\"><img fetchpriority=\"high\" decoding=\"async\" width=\"591\" height=\"565\" src=\"http:\/\/citedelamusiquebretonne.bzh\/wp-content\/uploads\/2025\/10\/dayot-defernez_dessin.jpg\" alt=\"\" class=\"wp-image-171 size-full\" srcset=\"https:\/\/citedelamusiquebretonne.bzh\/wp-content\/uploads\/2025\/10\/dayot-defernez_dessin.jpg 591w, https:\/\/citedelamusiquebretonne.bzh\/wp-content\/uploads\/2025\/10\/dayot-defernez_dessin-300x287.jpg 300w\" sizes=\"(max-width: 591px) 100vw, 591px\" \/><\/figure><div class=\"wp-block-media-text__content\">\n<p><strong>Cit\u00e9 de la musique bretonne<\/strong><br>Si\u00e8ge social :<em> Mairie de B\u00e9gard, rue de la R\u00e9sistance 22140 B\u00e9gard<\/em><br>Adresse de correspondance : <em>Ti ar Vro, rue Jean Monnet 22140 Cavan<\/em><br>02 96 49 80 55 \u2013 <a href=\"mailto:citedelamusiquebretonne@gmail.com\" target=\"_blank\" rel=\"noreferrer noopener\">citedelamusiquebretonne@gmail.com<\/a><\/p>\n\n\n\n<p><\/p>\n<\/div><\/div>\n","protected":false},"excerpt":{"rendered":"<p>Cit\u00e9 de la musique bretonneSi\u00e8ge social : Mairie de B\u00e9gard, rue de la R\u00e9sistance 22140 B\u00e9gardAdresse de correspondance : Ti ar Vro, rue Jean Monnet 22140 Cavan02 96 49 80&hellip;<\/p>\n","protected":false},"author":1,"featured_media":0,"parent":0,"menu_order":0,"comment_status":"closed","ping_status":"closed","template":"","meta":{"footnotes":""},"class_list":["post-19","page","type-page","status-publish","hentry"],"_links":{"self":[{"href":"https:\/\/citedelamusiquebretonne.bzh\/index.php\/wp-json\/wp\/v2\/pages\/19","targetHints":{"allow":["GET"]}}],"collection":[{"href":"https:\/\/citedelamusiquebretonne.bzh\/index.php\/wp-json\/wp\/v2\/pages"}],"about":[{"href":"https:\/\/citedelamusiquebretonne.bzh\/index.php\/wp-json\/wp\/v2\/types\/page"}],"author":[{"embeddable":true,"href":"https:\/\/citedelamusiquebretonne.bzh\/index.php\/wp-json\/wp\/v2\/users\/1"}],"replies":[{"embeddable":true,"href":"https:\/\/citedelamusiquebretonne.bzh\/index.php\/wp-json\/wp\/v2\/comments?post=19"}],"version-history":[{"count":3,"href":"https:\/\/citedelamusiquebretonne.bzh\/index.php\/wp-json\/wp\/v2\/pages\/19\/revisions"}],"predecessor-version":[{"id":172,"href":"https:\/\/citedelamusiquebretonne.bzh\/index.php\/wp-json\/wp\/v2\/pages\/19\/revisions\/172"}],"wp:attachment":[{"href":"https:\/\/citedelamusiquebretonne.bzh\/index.php\/wp-json\/wp\/v2\/media?parent=19"}],"curies":[{"name":"wp","href":"https:\/\/api.w.org\/{rel}","templated":true}]}}