{"id":2,"date":"2025-10-09T08:32:34","date_gmt":"2025-10-09T08:32:34","guid":{"rendered":"http:\/\/citedelamusiquebretonne.bzh\/?page_id=2"},"modified":"2025-10-09T15:39:51","modified_gmt":"2025-10-09T15:39:51","slug":"sample-page","status":"publish","type":"page","link":"https:\/\/citedelamusiquebretonne.bzh\/index.php\/sample-page\/","title":{"rendered":"Le projet"},"content":{"rendered":"\t\t<div data-elementor-type=\"wp-page\" data-elementor-id=\"2\" class=\"elementor elementor-2\">\n\t\t\t\t<div class=\"elementor-element elementor-element-9590070 e-flex e-con-boxed e-con e-parent\" data-id=\"9590070\" data-element_type=\"container\" data-e-type=\"container\">\n\t\t\t\t\t<div class=\"e-con-inner\">\n\t\t\t\t<div class=\"elementor-element elementor-element-aa3be10 elementor-widget elementor-widget-image\" data-id=\"aa3be10\" data-element_type=\"widget\" data-e-type=\"widget\" data-widget_type=\"image.default\">\n\t\t\t\t\t\t\t\t\t\t\t\t\t\t\t<img fetchpriority=\"high\" decoding=\"async\" width=\"1417\" height=\"1063\" src=\"https:\/\/citedelamusiquebretonne.bzh\/wp-content\/uploads\/2025\/10\/plan-dimplantation.jpg\" class=\"attachment-full size-full wp-image-184 museo-first-image skip-lazy\" alt=\"\" srcset=\"https:\/\/citedelamusiquebretonne.bzh\/wp-content\/uploads\/2025\/10\/plan-dimplantation.jpg 1417w, https:\/\/citedelamusiquebretonne.bzh\/wp-content\/uploads\/2025\/10\/plan-dimplantation-300x225.jpg 300w, https:\/\/citedelamusiquebretonne.bzh\/wp-content\/uploads\/2025\/10\/plan-dimplantation-1024x768.jpg 1024w, https:\/\/citedelamusiquebretonne.bzh\/wp-content\/uploads\/2025\/10\/plan-dimplantation-768x576.jpg 768w\" sizes=\"(max-width: 1417px) 100vw, 1417px\" loading=\"eager\" \/>\t\t\t\t\t\t\t\t\t\t\t\t\t\t\t<\/div>\n\t\t\t\t<div class=\"elementor-element elementor-element-d2a7dfe elementor-widget elementor-widget-text-editor\" data-id=\"d2a7dfe\" data-element_type=\"widget\" data-e-type=\"widget\" data-widget_type=\"text-editor.default\">\n\t\t\t\t\t\t\t\t\t<p><strong>Il y a deux ans, anim\u00e9 par la perspective de l\u2019acquisition par les pouvoirs publics des b\u00e2timents de la Congr\u00e9gation des soeurs du Bon Sauveur de B\u00e9gard (C\u00f4tes-d\u2019Armor), un collectif s\u2019est mont\u00e9 autour de Ti ar Vro Treger-Gouelo\u00f9 et Dastum Bro-Dreger associ\u00e9s \u00e0 quelques personnalit\u00e9s culturelles reconnues, pour imaginer un espace d\u00e9di\u00e9 \u00e0 la musique bretonne. Ce projet peut \u00eatre lanc\u00e9 suite \u00e0 la signature de la vente des b\u00e2timents le 28 juin 2024.<\/strong><\/p><p>C\u2019est un vieux serpent de mer en Bretagne. De nombreux projets ont \u00e9t\u00e9 envisag\u00e9s depuis les ann\u00e9es 1970, port\u00e9s par des individualit\u00e9s, des collectifs, des mairies ou des collectivit\u00e9s. Mais pour de multiples raisons, ce projet n\u2019a jamais vu le jour. Une des causes principales est certainement que les Bretons ont pr\u00e9f\u00e9r\u00e9, depuis la Seconde Guerre mondiale, mettre toute leur \u00e9nergie dans l\u2019expression d\u2019une culture vivante et non \u00ab mus\u00e9ifi\u00e9e \u00bb. Ce fut la cr\u00e9ation des bagado\u00f9, des cercles, des festivals, des \u00e9coles de musique&#8230; laissant bien souvent le soin aux particuliers et aux associations de conserver le patrimoine culturel musical comme le fait Dastum<br \/>depuis sa cr\u00e9ation en 1972.<\/p><p>A l\u2019heure o\u00f9 la musique bretonne participe au \u00ab concert des musiques du monde \u00bb et y a pris toute sa place, le temps est venu de disposer, en Bretagne, d\u2019une structure \u00e0 m\u00eame d\u2019en permettre la conservation, la valorisation, la transmission de mani\u00e8re p\u00e9renne et dans un m\u00eame espace accueillant du public.<\/p><p><strong>L\u2019ancien couvent du Bon Sauveur<\/strong><br \/>Le projet a trouv\u00e9 son \u00ab \u00e9crin \u00bb \u00e0 B\u00e9gard (22), entre Guingamp et Lannion depuis que la commune et l\u2019Agglom\u00e9ration de Guingamp-Paimpol ont sign\u00e9, par l\u2019interm\u00e9diaire de l\u2019\u00c9tablissement public foncier de Bretagne, l\u2019acquisition de l\u2019ancien couvent des S\u0153urs du Bon Sauveur, situ\u00e9 sur l\u2019emplacement de la premi\u00e8re abbaye cistercienne de Bretagne en 1130.<\/p><p>La congr\u00e9gation s\u2019y \u00e9tait install\u00e9e bien plus tardivement puisque les Soeurs \u00e9taient arriv\u00e9es de Caen en 1857 pour ouvrir un \u00ab asile d\u2019ali\u00e9n\u00e9s \u00bb. Un centre scolaire et une \u00e9cole d\u2019infirmi\u00e8res s\u2019\u00e9taient \u00e9galement implant\u00e9s. L\u2019h\u00f4pital psychiatrique est devenu progressivement un des plus importants de Bretagne et le principal employeur du territoire (le site a compt\u00e9 jusqu\u2019\u00e0 1 000 salari\u00e9s).<\/p><p>Si la Fondation Bon Sauveur et l\u2019h\u00f4pital sont toujours en activit\u00e9 aujourd\u2019hui, les s\u0153urs n\u2019occupaient plus les lieux depuis une quinzaine d\u2019ann\u00e9es, ce qui devenait pr\u00e9judiciable<br \/>pour ces 10 000 m\u00b2 de b\u00e2timents qu\u2019elles avaient contribu\u00e9 \u00e0 animer, et surtout, \u00e0 entretenir. La collectivit\u00e9 ne pouvait pas les laisser \u00e0 l\u2019abandon. Pour autant, leur acquisition repr\u00e9sentait une v\u00e9ritable gageure. La commune de B\u00e9gard se trouvait devant le m\u00eame d\u00e9fi, avec des questions similaires \u00e0 celles qui se posaient pour, par exemple, la Manufacture de tabac de Morlaix ou le couvent des S\u0153urs du Christ de Tr\u00e9guier : comment utiliser autant d\u2019espace et quel montage mettre en place pour assurer la valorisation du site ?<\/p><p><strong>Une dynamique de territoire<\/strong><br \/>L\u2019acquisition de ces b\u00e2timents fait partie d\u2019une r\u00e9flexion plus globale de la commune sur son avenir, son am\u00e9nagement, sa mani\u00e8re de repenser son \u00ab vivre ensemble \u00bb dans le cadre des programmes \u00ab Petites villes de demain \u00bb. Il a \u00e9t\u00e9 propos\u00e9 de r\u00e9partir les b\u00e2timents entre<br \/>plusieurs partenaires. La mairie et les services publics occuperont le b\u00e2timent central, tandis que sont pr\u00e9vus des logements : habitat social dans une aile et habitat priv\u00e9 dans l\u2019ancienne \u00e9cole Anne-Le-Roy qui sera revendue \u00e0 un promoteur.<\/p><p>C\u2019est dans l\u2019ancienne \u00e9cole d\u2019infirmi\u00e8res et le pavillon des communs, soit 2 500 \u00e0 3 000 m\u00b2, qu\u2019il est pr\u00e9vu de d\u00e9ployer la Cit\u00e9 de la musique bretonne. Ces b\u00e2timents sont adjacents \u00e0 la chapelle du Bon Sauveur (1880) disposant d\u2019un clo\u00eetre ferm\u00e9 o\u00f9 se tiennent d\u2019ores et d\u00e9j\u00e0 divers<br \/>concerts. Elle poss\u00e8de aussi d\u2019un orgue Cavaill\u00e9-Coll \/Mutin sur lequel plusieurs organistes ont enregistr\u00e9 des CD de musique bretonne. La musique impr\u00e8gne donc d\u00e9j\u00e0 les lieux\u2026<\/p>\t\t\t\t\t\t\t\t<\/div>\n\t\t\t\t\t<\/div>\n\t\t\t\t<\/div>\n\t\t<div class=\"elementor-element elementor-element-8c2df84 e-flex e-con-boxed e-con e-parent\" data-id=\"8c2df84\" data-element_type=\"container\" data-e-type=\"container\">\n\t\t\t\t\t<div class=\"e-con-inner\">\n\t\t\t\t<div class=\"elementor-element elementor-element-14bf921 elementor-widget elementor-widget-image\" data-id=\"14bf921\" data-element_type=\"widget\" data-e-type=\"widget\" data-widget_type=\"image.default\">\n\t\t\t\t\t\t\t\t\t\t\t\t\t\t\t<img decoding=\"async\" width=\"1424\" height=\"888\" src=\"https:\/\/citedelamusiquebretonne.bzh\/wp-content\/uploads\/2025\/10\/pavillon-des-communs.jpg\" class=\"attachment-full size-full wp-image-185\" alt=\"\" srcset=\"https:\/\/citedelamusiquebretonne.bzh\/wp-content\/uploads\/2025\/10\/pavillon-des-communs.jpg 1424w, https:\/\/citedelamusiquebretonne.bzh\/wp-content\/uploads\/2025\/10\/pavillon-des-communs-300x187.jpg 300w, https:\/\/citedelamusiquebretonne.bzh\/wp-content\/uploads\/2025\/10\/pavillon-des-communs-1024x639.jpg 1024w, https:\/\/citedelamusiquebretonne.bzh\/wp-content\/uploads\/2025\/10\/pavillon-des-communs-768x479.jpg 768w\" sizes=\"(max-width: 1424px) 100vw, 1424px\" \/>\t\t\t\t\t\t\t\t\t\t\t\t\t\t\t<\/div>\n\t\t\t\t<div class=\"elementor-element elementor-element-d71bf62 elementor-widget elementor-widget-text-editor\" data-id=\"d71bf62\" data-element_type=\"widget\" data-e-type=\"widget\" data-widget_type=\"text-editor.default\">\n\t\t\t\t\t\t\t\t\t<p><strong>Un projet culturel complet<\/strong><br \/>La Cit\u00e9 int\u00e8grera l\u2019\u00e9cole de musique intercommunale des 3 Rivi\u00e8res (EM3R). Celle-ci a un besoin de locaux pour son activit\u00e9 et son enseignement dispens\u00e9 \u00e0 140 \u00e9l\u00e8ves. L\u2019int\u00e9r\u00eat de cette collaboration sera \u00e0 la fois d\u2019assurer la vie quotidienne de l\u2019espace mais aussi de mutualiser des \u00e9quipements d\u2019enseignement et de diffusion pour l\u2019organisation de stages, r\u00e9sidences, master class, concerts et festo\u00f9-noz pr\u00e9vus notamment en p\u00e9riode de vacances scolaires.<\/p><p>L\u2019un des objectifs majeurs du projet est aussi de cr\u00e9er un espace mus\u00e9ographique. Il permettra de collecter, conserver et exposer ses collections ou, par des partenariats, des fonds nationaux. Par son espace d\u2019interpr\u00e9tation, il permettra d\u2019expliquer l\u2019histoire de la musique bretonne, ses sp\u00e9cificit\u00e9s, sa place dans les musiques du monde. Il est \u00e9galement pr\u00e9vu une m\u00e9diath\u00e8que et un espace atelier pour donner une dimension de recherche et d\u2019\u00e9tude au projet.<\/p><p>Le site accueillera enfin les bureaux d\u2019associations, de structures \u0153uvrant pour la musique bretonne ainsi qu\u2019un espace de convivialit\u00e9, boutique et diffusion. La proximit\u00e9 avec le Centre de d\u00e9couverte du son de Cavan am\u00e8ne \u00e0 envisager un \u00ab produit \u00bb touristique sur la musique et le son permettant d\u2019attirer des familles \u00e0 la journ\u00e9e et g\u00e9n\u00e9rer des flux locaux et r\u00e9gionaux.<\/p><p><strong>Objectif 2030 !<\/strong><br \/>Bien avant l\u2019acquisition des b\u00e2timents, les r\u00e9unions de travail du collectif \u00ab Cit\u00e9 de la musique bretonne \u00bb ont commenc\u00e9 \u00e0 s\u2019encha\u00eener avec Guingamp-Paimpol Agglom\u00e9ration, la mairie de B\u00e9gard et les diff\u00e9rents partenaires. La collectivit\u00e9 travaille au montage financier avec des partenaires institutionnels (D\u00e9partement, R\u00e9gion, \u00c9tat, Europe). Une agence d\u2019architectes a \u00e9t\u00e9 missionn\u00e9e cet \u00e9t\u00e9 pour r\u00e9fl\u00e9chir \u00e0 l\u2019implantation, aux circulations, \u00e0 l\u2019am\u00e9nagement global de l\u2019ensemble du site. Un autre cabinet va \u00eatre recrut\u00e9 d\u00e9but 2025 pour travailler uniquement sur le projet de la Cit\u00e9.<\/p><p>Le collectif initial s\u2019est tout r\u00e9cemment mont\u00e9 en association et agr\u00e8ge les comp\u00e9tences au fur et \u00e0 mesure des rencontres et des avanc\u00e9es. Un comit\u00e9 scientifique sera mis sur pied rapidement afin de travailler au r\u00e9cit, au contenu, au discours et aux acquisitions de l\u2019espace mus\u00e9ographique.<br \/>La mairie de B\u00e9gard a d\u00e9j\u00e0 mis \u00e0 disposition de l\u2019association un espace temporaire s\u00e9curis\u00e9 permettant d\u2019accueillir et traiter les collections actuelles et les dons ou achats en cours ou \u00e0 venir.<br \/>Sur l\u2019ann\u00e9e scolaire 2023-2024, de tr\u00e8s nombreuses visites de site ont \u00e9t\u00e9 organis\u00e9es avec les principaux acteurs de la musique bretonne : Dastum, Tamm-Kreiz, Gouelio\u00f9 Breizh, Kenleur, Sonerion, Drom, La Fiselerie, sonneurs, chanteurs&#8230; L\u2019ensemble des acteurs est unanime quant \u00e0 la pertinence et l\u2019incroyable potentiel du lieu. Chacun s\u2019accorde sur l\u2019opportunit\u00e9 de r\u00e9aliser enfin ce projet pour les Bretons autant que pour les nombreux visiteurs.<\/p><p>Alan Stivell est le parrain de la Cit\u00e9. Il apporte sa notori\u00e9t\u00e9 et son engagement \u00e0 la r\u00e9alisation de ce projet, majeur et ambitieux, qui d\u00e9marre aujourd\u2019hui. Ce nouvel espace permettra de transmettre et faire rayonner encore plus notre musique tout en assurant la conservation et la p\u00e9rennit\u00e9 d\u2019un fonds patrimonial en r\u00e9gion<\/p>\t\t\t\t\t\t\t\t<\/div>\n\t\t\t\t\t<\/div>\n\t\t\t\t<\/div>\n\t\t\t\t<\/div>\n\t\t","protected":false},"excerpt":{"rendered":"<p>Il y a deux ans, anim\u00e9 par la perspective de l\u2019acquisition par les pouvoirs publics des b\u00e2timents de la Congr\u00e9gation des soeurs du Bon Sauveur de B\u00e9gard (C\u00f4tes-d\u2019Armor), un collectif&hellip;<\/p>\n","protected":false},"author":1,"featured_media":0,"parent":0,"menu_order":0,"comment_status":"closed","ping_status":"open","template":"","meta":{"footnotes":""},"class_list":["post-2","page","type-page","status-publish","hentry"],"_links":{"self":[{"href":"https:\/\/citedelamusiquebretonne.bzh\/index.php\/wp-json\/wp\/v2\/pages\/2","targetHints":{"allow":["GET"]}}],"collection":[{"href":"https:\/\/citedelamusiquebretonne.bzh\/index.php\/wp-json\/wp\/v2\/pages"}],"about":[{"href":"https:\/\/citedelamusiquebretonne.bzh\/index.php\/wp-json\/wp\/v2\/types\/page"}],"author":[{"embeddable":true,"href":"https:\/\/citedelamusiquebretonne.bzh\/index.php\/wp-json\/wp\/v2\/users\/1"}],"replies":[{"embeddable":true,"href":"https:\/\/citedelamusiquebretonne.bzh\/index.php\/wp-json\/wp\/v2\/comments?post=2"}],"version-history":[{"count":16,"href":"https:\/\/citedelamusiquebretonne.bzh\/index.php\/wp-json\/wp\/v2\/pages\/2\/revisions"}],"predecessor-version":[{"id":191,"href":"https:\/\/citedelamusiquebretonne.bzh\/index.php\/wp-json\/wp\/v2\/pages\/2\/revisions\/191"}],"wp:attachment":[{"href":"https:\/\/citedelamusiquebretonne.bzh\/index.php\/wp-json\/wp\/v2\/media?parent=2"}],"curies":[{"name":"wp","href":"https:\/\/api.w.org\/{rel}","templated":true}]}}